{"id":34146,"date":"2026-04-17T19:23:13","date_gmt":"2026-04-17T16:23:13","guid":{"rendered":"https:\/\/sfj.polarmedia.ro\/?post_type=product&#038;p=34146"},"modified":"2026-04-17T23:44:39","modified_gmt":"2026-04-17T20:44:39","slug":"cercei-pana","status":"publish","type":"product","link":"https:\/\/www.sofija.ro\/ro\/shop\/feather-earrings\/","title":{"rendered":"Cercei Pan\u0103"},"content":{"rendered":"","protected":false},"excerpt":{"rendered":"<p>Realizati din aur de 14K, ace\u0219ti cercei \u0219urub delica\u021bi \u00een form\u0103 de pan\u0103 sunt pentru tine, doamna rafinata.<\/p>\n<p>Bijuterie contemporan\u0103, realizat\u0103 manual \u00een Rom\u00e2nia<\/p>","protected":false},"featured_media":34179,"comment_status":"closed","ping_status":"closed","template":"","meta":{"slim_seo":{"title":"Feather Earrings - Sofija Jewelry","description":"Cast from 14K gold, these dainty feathers studs are for you, delicates ladies. Contemporary Jewelry Handcrafted in Romania"}},"product_brand":[],"product_cat":[21],"product_tag":[],"class_list":{"0":"post-34146","1":"product","2":"type-product","3":"status-publish","4":"has-post-thumbnail","6":"product_cat-earrings","8":"first","9":"instock","10":"featured","11":"shipping-taxable","12":"product-type-variable","13":"has-default-attributes","14":"add-to-wishlist-before_image"},"_links":{"self":[{"href":"https:\/\/www.sofija.ro\/ro\/wp-json\/wp\/v2\/product\/34146","targetHints":{"allow":["GET"]}}],"collection":[{"href":"https:\/\/www.sofija.ro\/ro\/wp-json\/wp\/v2\/product"}],"about":[{"href":"https:\/\/www.sofija.ro\/ro\/wp-json\/wp\/v2\/types\/product"}],"replies":[{"embeddable":true,"href":"https:\/\/www.sofija.ro\/ro\/wp-json\/wp\/v2\/comments?post=34146"}],"wp:featuredmedia":[{"embeddable":true,"href":"https:\/\/www.sofija.ro\/ro\/wp-json\/wp\/v2\/media\/34179"}],"wp:attachment":[{"href":"https:\/\/www.sofija.ro\/ro\/wp-json\/wp\/v2\/media?parent=34146"}],"wp:term":[{"taxonomy":"product_brand","embeddable":true,"href":"https:\/\/www.sofija.ro\/ro\/wp-json\/wp\/v2\/product_brand?post=34146"},{"taxonomy":"product_cat","embeddable":true,"href":"https:\/\/www.sofija.ro\/ro\/wp-json\/wp\/v2\/product_cat?post=34146"},{"taxonomy":"product_tag","embeddable":true,"href":"https:\/\/www.sofija.ro\/ro\/wp-json\/wp\/v2\/product_tag?post=34146"}],"curies":[{"name":"wp","href":"https:\/\/api.w.org\/{rel}","templated":true}]}}