{"id":34152,"date":"2026-04-17T19:23:14","date_gmt":"2026-04-17T16:23:14","guid":{"rendered":"https:\/\/sfj.polarmedia.ro\/?post_type=product&#038;p=34152"},"modified":"2026-04-17T23:44:41","modified_gmt":"2026-04-17T20:44:41","slug":"cercei-creole-cu-banuti","status":"publish","type":"product","link":"https:\/\/www.sofija.ro\/ro\/shop\/coins-charms-hoop-earrings\/","title":{"rendered":"Cercei Creole cu B\u0103nu\u021bi"},"content":{"rendered":"","protected":false},"excerpt":{"rendered":"<p>Chiar \u0219i cele mai pre\u021bioase bijuterii merit\u0103 purtate zilnic \u2014 de aceea ace\u0219ti cercei creole din aur de 14K, lucra\u021bi manual, sunt at\u00e2t de u\u0219ori \u0219i de comozi.<\/p>\n<p>Bijuterie contemporan\u0103, realizat\u0103 manual \u00een Rom\u00e2nia<\/p>","protected":false},"featured_media":34211,"comment_status":"closed","ping_status":"closed","template":"","meta":{"slim_seo":{"title":"Coins Charms Hoop Earrings - Sofija Jewelry","description":"Even the most precious jewelry should be worn everyday, which is why these handmade 14K gold hoops are so lightweight and effortless. Contemporary Jewelry Handc"}},"product_brand":[],"product_cat":[21,27],"product_tag":[],"class_list":{"0":"post-34152","1":"product","2":"type-product","3":"status-publish","4":"has-post-thumbnail","6":"product_cat-earrings","7":"product_cat-favorites","9":"first","10":"instock","11":"featured","12":"shipping-taxable","13":"product-type-variable","14":"has-default-attributes","15":"add-to-wishlist-before_image"},"_links":{"self":[{"href":"https:\/\/www.sofija.ro\/ro\/wp-json\/wp\/v2\/product\/34152","targetHints":{"allow":["GET"]}}],"collection":[{"href":"https:\/\/www.sofija.ro\/ro\/wp-json\/wp\/v2\/product"}],"about":[{"href":"https:\/\/www.sofija.ro\/ro\/wp-json\/wp\/v2\/types\/product"}],"replies":[{"embeddable":true,"href":"https:\/\/www.sofija.ro\/ro\/wp-json\/wp\/v2\/comments?post=34152"}],"wp:featuredmedia":[{"embeddable":true,"href":"https:\/\/www.sofija.ro\/ro\/wp-json\/wp\/v2\/media\/34211"}],"wp:attachment":[{"href":"https:\/\/www.sofija.ro\/ro\/wp-json\/wp\/v2\/media?parent=34152"}],"wp:term":[{"taxonomy":"product_brand","embeddable":true,"href":"https:\/\/www.sofija.ro\/ro\/wp-json\/wp\/v2\/product_brand?post=34152"},{"taxonomy":"product_cat","embeddable":true,"href":"https:\/\/www.sofija.ro\/ro\/wp-json\/wp\/v2\/product_cat?post=34152"},{"taxonomy":"product_tag","embeddable":true,"href":"https:\/\/www.sofija.ro\/ro\/wp-json\/wp\/v2\/product_tag?post=34152"}],"curies":[{"name":"wp","href":"https:\/\/api.w.org\/{rel}","templated":true}]}}