{"id":34529,"date":"2026-04-17T20:01:14","date_gmt":"2026-04-17T17:01:14","guid":{"rendered":"https:\/\/sfj.polarmedia.ro\/?post_type=product&#038;p=34529"},"modified":"2026-04-17T23:50:13","modified_gmt":"2026-04-17T20:50:13","slug":"inel-luna","status":"publish","type":"product","link":"https:\/\/www.sofija.ro\/ro\/shop\/moon-ring\/","title":{"rendered":"Inel Lun\u0103"},"content":{"rendered":"","protected":false},"excerpt":{"rendered":"<p>Inspirat din cerul nop\u021bii, acest inel este lucrat manual din aur de 14K \u0219i incorporeaz\u0103 motive celeste \u00een designul s\u0103u rafinat.<\/p>\n<p>Poart\u0103-l singur sau al\u0103turi de alte inele.<\/p>\n<p>Bijuterie contemporan\u0103, realizat\u0103 manual \u00een Rom\u00e2nia<\/p>","protected":false},"featured_media":34571,"comment_status":"closed","ping_status":"closed","template":"","meta":{"slim_seo":{"title":"Moon Ring - Sofija Jewelry","description":"Inspired by the night sky, this ring is handmade from 14K gold and incorporates celestial motifs into his beautiful design. Wear it solo or alongside machine ri"}},"product_brand":[],"product_cat":[27,25],"product_tag":[],"class_list":{"0":"post-34529","1":"product","2":"type-product","3":"status-publish","4":"has-post-thumbnail","6":"product_cat-favorites","7":"product_cat-rings","9":"first","10":"instock","11":"featured","12":"shipping-taxable","13":"product-type-variable","14":"has-default-attributes","15":"add-to-wishlist-before_image"},"_links":{"self":[{"href":"https:\/\/www.sofija.ro\/ro\/wp-json\/wp\/v2\/product\/34529","targetHints":{"allow":["GET"]}}],"collection":[{"href":"https:\/\/www.sofija.ro\/ro\/wp-json\/wp\/v2\/product"}],"about":[{"href":"https:\/\/www.sofija.ro\/ro\/wp-json\/wp\/v2\/types\/product"}],"replies":[{"embeddable":true,"href":"https:\/\/www.sofija.ro\/ro\/wp-json\/wp\/v2\/comments?post=34529"}],"wp:featuredmedia":[{"embeddable":true,"href":"https:\/\/www.sofija.ro\/ro\/wp-json\/wp\/v2\/media\/34571"}],"wp:attachment":[{"href":"https:\/\/www.sofija.ro\/ro\/wp-json\/wp\/v2\/media?parent=34529"}],"wp:term":[{"taxonomy":"product_brand","embeddable":true,"href":"https:\/\/www.sofija.ro\/ro\/wp-json\/wp\/v2\/product_brand?post=34529"},{"taxonomy":"product_cat","embeddable":true,"href":"https:\/\/www.sofija.ro\/ro\/wp-json\/wp\/v2\/product_cat?post=34529"},{"taxonomy":"product_tag","embeddable":true,"href":"https:\/\/www.sofija.ro\/ro\/wp-json\/wp\/v2\/product_tag?post=34529"}],"curies":[{"name":"wp","href":"https:\/\/api.w.org\/{rel}","templated":true}]}}