{"id":36075,"date":"2026-04-18T14:52:33","date_gmt":"2026-04-18T11:52:33","guid":{"rendered":"https:\/\/sfj.polarmedia.ro\/?post_type=product&#038;p=36075"},"modified":"2026-05-01T15:24:41","modified_gmt":"2026-05-01T12:24:41","slug":"colier-semiluna-upside-moon","status":"publish","type":"product","link":"https:\/\/www.sofija.ro\/ro\/shop\/upside-moon-necklace\/","title":{"rendered":"Colier semilun\u0103 \u201eUpside Moon\u201d"},"content":{"rendered":"","protected":false},"excerpt":{"rendered":"<p>Lucrat manual din aur de 14K, acest colier este \u00eempodobit cu o lun\u0103 delicat\u0103, simbol al visurilor.<\/p>\n<p>Poart\u0103-l singur sau suprapus cu alte piese.<\/p>\n<p>Bijuterie contemporan\u0103, realizat\u0103 manual \u00een Rom\u00e2nia<\/p>","protected":false},"featured_media":34763,"comment_status":"closed","ping_status":"closed","template":"","meta":{"slim_seo":{"title":"Upside Moon Necklace - Sofija Jewelry","description":"Handcrafted from 14K gold, this lariat necklace is strung with a dainty moon, symbol of dreams. Wear it solo or layered with other pieces. Contemporary Jewelry"}},"product_brand":[],"product_cat":[27,24],"product_tag":[],"class_list":{"0":"post-36075","1":"product","2":"type-product","3":"status-publish","4":"has-post-thumbnail","6":"product_cat-favorites","7":"product_cat-necklaces","9":"first","10":"instock","11":"featured","12":"shipping-taxable","13":"purchasable","14":"product-type-variable","15":"has-default-attributes","16":"add-to-wishlist-before_image"},"_links":{"self":[{"href":"https:\/\/www.sofija.ro\/ro\/wp-json\/wp\/v2\/product\/36075","targetHints":{"allow":["GET"]}}],"collection":[{"href":"https:\/\/www.sofija.ro\/ro\/wp-json\/wp\/v2\/product"}],"about":[{"href":"https:\/\/www.sofija.ro\/ro\/wp-json\/wp\/v2\/types\/product"}],"replies":[{"embeddable":true,"href":"https:\/\/www.sofija.ro\/ro\/wp-json\/wp\/v2\/comments?post=36075"}],"wp:featuredmedia":[{"embeddable":true,"href":"https:\/\/www.sofija.ro\/ro\/wp-json\/wp\/v2\/media\/34763"}],"wp:attachment":[{"href":"https:\/\/www.sofija.ro\/ro\/wp-json\/wp\/v2\/media?parent=36075"}],"wp:term":[{"taxonomy":"product_brand","embeddable":true,"href":"https:\/\/www.sofija.ro\/ro\/wp-json\/wp\/v2\/product_brand?post=36075"},{"taxonomy":"product_cat","embeddable":true,"href":"https:\/\/www.sofija.ro\/ro\/wp-json\/wp\/v2\/product_cat?post=36075"},{"taxonomy":"product_tag","embeddable":true,"href":"https:\/\/www.sofija.ro\/ro\/wp-json\/wp\/v2\/product_tag?post=36075"}],"curies":[{"name":"wp","href":"https:\/\/api.w.org\/{rel}","templated":true}]}}