{"id":36119,"date":"2026-04-18T14:52:42","date_gmt":"2026-04-18T11:52:42","guid":{"rendered":"https:\/\/sfj.polarmedia.ro\/?post_type=product&#038;p=36119"},"modified":"2026-05-01T15:24:31","modified_gmt":"2026-05-01T12:24:31","slug":"colier-cu-pandative-triunghiuri-mici","status":"publish","type":"product","link":"https:\/\/www.sofija.ro\/ro\/shop\/mini-triangles-necklace\/","title":{"rendered":"Colier cu Pandative Triunghiuri Mici"},"content":{"rendered":"","protected":false},"excerpt":{"rendered":"<p>Conceput s\u0103 se a\u0219eze elegant pe decolteu, acest choker este realizat manual din aur de 14K \u0219i \u00eempodobit cu 7 triunghiuri delicate.<\/p>\n<p>Bijuterie contemporan\u0103, realizat\u0103 manual \u00een Rom\u00e2nia<\/p>","protected":false},"featured_media":35005,"comment_status":"closed","ping_status":"closed","template":"","meta":{"slim_seo":{"title":"Mini Triangles Necklace - Sofija Jewelry","description":"Design to lay elegantly against your d\u00e9colletage, this choker is hand made from 14K gold and strung with 7 dainty triangles. Contemporary Jewelry Handcrafted in"}},"product_brand":[],"product_cat":[24],"product_tag":[],"class_list":{"0":"post-36119","1":"product","2":"type-product","3":"status-publish","4":"has-post-thumbnail","6":"product_cat-necklaces","8":"first","9":"outofstock","10":"shipping-taxable","11":"purchasable","12":"product-type-variable","13":"has-default-attributes","14":"add-to-wishlist-before_image"},"_links":{"self":[{"href":"https:\/\/www.sofija.ro\/ro\/wp-json\/wp\/v2\/product\/36119","targetHints":{"allow":["GET"]}}],"collection":[{"href":"https:\/\/www.sofija.ro\/ro\/wp-json\/wp\/v2\/product"}],"about":[{"href":"https:\/\/www.sofija.ro\/ro\/wp-json\/wp\/v2\/types\/product"}],"replies":[{"embeddable":true,"href":"https:\/\/www.sofija.ro\/ro\/wp-json\/wp\/v2\/comments?post=36119"}],"wp:featuredmedia":[{"embeddable":true,"href":"https:\/\/www.sofija.ro\/ro\/wp-json\/wp\/v2\/media\/35005"}],"wp:attachment":[{"href":"https:\/\/www.sofija.ro\/ro\/wp-json\/wp\/v2\/media?parent=36119"}],"wp:term":[{"taxonomy":"product_brand","embeddable":true,"href":"https:\/\/www.sofija.ro\/ro\/wp-json\/wp\/v2\/product_brand?post=36119"},{"taxonomy":"product_cat","embeddable":true,"href":"https:\/\/www.sofija.ro\/ro\/wp-json\/wp\/v2\/product_cat?post=36119"},{"taxonomy":"product_tag","embeddable":true,"href":"https:\/\/www.sofija.ro\/ro\/wp-json\/wp\/v2\/product_tag?post=36119"}],"curies":[{"name":"wp","href":"https:\/\/api.w.org\/{rel}","templated":true}]}}